{"id":65,"date":"2026-03-05T23:11:08","date_gmt":"2026-03-05T23:11:08","guid":{"rendered":"https:\/\/voixeitalia.com\/wp\/home\/"},"modified":"2026-03-11T17:51:20","modified_gmt":"2026-03-11T17:51:20","slug":"home","status":"publish","type":"page","link":"https:\/\/voixeitalia.com\/it\/","title":{"rendered":"Home"},"content":{"rendered":"\n\n\n\n\nL&#8217;intelligenza artificiale sta cambiando<br>il modo in cui Le aziende gestiscono processi e interazioni\n\n\n\nScopri come l&#8217;automazione delle conversazioni trasforma email, voce, chat e assistenza clienti\n\n\n\n\n\n\n\n\n\n\n\n\n\n\n\n\n\n\n\n<p>Lorem Ipsum has been the industry&#8217;s standard dummy text ever since the 1500s.<\/p>\n\n\n\nGestione centralizzata Operativa\n\n\n\n\n\n<p>Lorem Ipsum has been the industry&#8217;s standard dummy text ever since the 1500s.<\/p>\n\n\n\n\n\n\n\nRiduzione del carico operativo e miglioramento dell&#8217;esperienza utente\n\n\n\nVOIXE semplifica la gestione delle interazione con i clienti, proteggendo la reputazione, attraverso soluzioni tecnologiche avanzate.\n\n\n\n<span style=\"color: var(--pagelayer-color-text); line-height:1.25; font-family: 'Montserrat', sans-serif; font-size:17px; font-weight:500;\"><br>Gestisci la comunicazione in modo automatico, riducendo il carico operativo del team.<br><\/span>\n\n\n\n<span style=\"color: var(--pagelayer-color-text); line-height:1.25; font-family: 'Montserrat', sans-serif; font-size:17px; font-weight:500;\">Monitora interazioni e performance in tempo reale attraverso dashboard e report intelligenti.<\/span>\n\n\n\n\n\n\n\nAI e innovazione\n\n\n\nIntelligenza<br>avanzata\n\n\n\nLe nostre soluzioni AI <br>apprendono e si adattano<br>alle esigenze delle aziende <br>per offrire eccellenza<br>e valore aggiunto.\n\n\n\n\n\n\n\nSemplifica l&#8217;operativit\u00e0 aziendale giornaliera, automatizzando compiti ripetitivi e a basso valore aggiunto.\n\n\n\nRivoluziona le conversazioni vocali e la gestione automatica delle chiamate.\n\n\n\n\n\nGestisci i flussi di posta elettronica, qualificando e filtrando le richieste, e rispondendo in tempi rapidi.\n\n\n\nGestisci il tuo supporto clienti automatizzando risposte ad hoc, grazie a una piattaforma personalizzata.\n\n\n\n\n\n\n\n\n\n\n\n\n\n\n\n\n\n\n\n\n\n\n\n\n\nTREND\n\n\n\n<strong>Approfondimenti e casi di applicazione dell&#8217;AI<\/strong>\n\n\n\nCome l&#8217;intelligenza artificiale sta trasformando le aziende\n\n\n\n\n\n\n\n<h2>REPORT DI RICERCA<\/h2>\n\n\n\nRidisegnare i flussi di comunicazione aziendale\n\n\n\n<p class=\"vx-report-desc has-text-color has-link-color wp-elements-cad2e34728f3494f265eb40d25f59edb\" style=\"color:#1f1f1f;font-size:17px;font-style:normal;font-weight:500\">Cosa succede quando l&#8217;AI \u00e8 omnipresente e agisce in autonomia in una societ\u00e0 dove la reputazione \u00e8 sempre pi\u00f9 importante.<\/p>\n\n\n\n\n\n\n\n<h2>ARCHITETTURE AI<\/h2>\n\n\n\nDalla risposta automatica alla gestione strategica\n\n\n\n<p class=\"vx-report-desc has-white-color has-text-color has-link-color wp-elements-5870594834fd16e0190dc3ec09e83bc9\" style=\"font-size:17px;font-style:normal;font-weight:500\">Le organizzazioni pi\u00f9 evolute progettano architetture capaci di integrare dati, processi e canali digitali in un\u2019unica infrastruttura di comunicazione.<\/p>\n\n\n\n\n\n\n\n<h2>SCENARI APPLICATIVI<\/h2>\n\n\n\nDove l\u2019AI genera reale valore operativo\n\n\n\n<p class=\"vx-report-desc has-white-color has-text-color has-link-color wp-elements-a2fb45310ac3417c09ae98f1337267b1\" style=\"font-size:17px;font-style:normal;font-weight:500\">Dall\u2019assistenza clienti alla gestione delle richieste interne, fino al supporto commerciale, l\u2019intelligenza artificiale trasforma interazioni frammentate in flussi di lavoro strutturati.<\/p>\n\n\n\n\n\n\n\n<h2>INSIGHT OPERATIVO<\/h2>\n\n\n\nLa frontiera del customer management\n\n\n\n<p class=\"vx-report-desc has-white-color has-text-color has-link-color wp-elements-c99f69f971b622621fe12313e023c969\" style=\"font-size:17px;font-style:normal;font-weight:500\">Si sta ridefinendo il modo in cui vengono gestite le conversazioni. L&#8217;automazione consente di orchestrare chat, email e voce in un sistema coordinato, riducendo complessit\u00e0 operative e tempi di risposta.<\/p>\n\n\n\n\n\n\n\necosystem\n\n\n\nThe VOIXE difference\n\n\n\n\n\n<span style=\"color: var(--pagelayer-color-accent)\">VOIXE non si limita a comunicare. La piattaforma comprende il contesto delle richieste, coordina pi\u00f9 canali e trasforma interazioni isolate in flussi di comunicazione strutturati.<\/span>\n\n\n\n\n\n\n\n<span style=\"color: var(--pagelayer-color-accent)\">Chat, email, voce e messaggistica convergono in un&#8217;unica architettura operativa. Le conversazioni vengono orchestrate in modo coerente, garantendo continuit\u00e0 e controllo lungo l\u2019intero ciclo di interazione.<\/span>\n\n\n\n\n\n\n\n<span style=\"color: var(--pagelayer-color-accent)\">L\u2019AI non \u00e8 solo uno strumento conversazionale, ma un sistema che organizza informazioni, priorit\u00e0 e richieste operative, contribuendo a ridurre complessit\u00e0 e tempi di gestione.<br><\/span>\n\n\n\n\n\n\n\n<span style=\"color: var(--pagelayer-color-accent)\">VOIXE supporta il lavoro dei team, automatizzando le richieste ripetitive e lasciando alle persone le interazioni ad alto valore, dove l\u2019esperienza umana fa la differenza.<\/span>\n\n\n\n\n\n\n\n\n\nVOIXE\n\n\n\nDomande Frequenti\n\n\n\nLeggi le domande pi\u00f9 comuni e le nostre risposte.\n\n\n\n\n\n\n\n\n\n\n\nVOIXE utilizza tecnologie avanzate per automatizzare le risposte alle richieste comuni dei clienti.\n\n\n\n\n\n\n\n\n\nLa piattaforma pu\u00f2 gestire conversazioni provenienti da chat web, email, sistemi vocali e piattaforme di messaggistica, mantenendo continuit\u00e0 tra i diversi canali.\n\n\n\n\n\n\n\n\n\nS\u00ec, utilizziamo elevati standard di sicurezza per proteggere i dati dei nostri clienti.\n\n\n\n\n\n\n\n\n\nS\u00ec. VOIXE pu\u00f2 essere integrata con sistemi gestionali, CRM e piattaforme operative esistenti, permettendo di mantenere i flussi di lavoro gi\u00e0 utilizzati dall\u2019organizzazione.\n\n\n\n\n\n\n\n\n\nL\u2019implementazione dipende dalla complessit\u00e0 dei sistemi esistenti e dai canali da integrare, ma la configurazione iniziale pu\u00f2 essere avviata rapidamente.\n\n\n\n\n\n\n\n\n\n<p><\/p>\n","protected":false},"excerpt":{"rendered":"","protected":false},"author":1,"featured_media":0,"parent":0,"menu_order":0,"comment_status":"closed","ping_status":"closed","template":"","meta":{"pagelayer_contact_templates":[],"_pagelayer_content":"","footnotes":""},"class_list":["post-65","page","type-page","status-publish","hentry"],"_links":{"self":[{"href":"https:\/\/voixeitalia.com\/it\/wp-json\/wp\/v2\/pages\/65","targetHints":{"allow":["GET"]}}],"collection":[{"href":"https:\/\/voixeitalia.com\/it\/wp-json\/wp\/v2\/pages"}],"about":[{"href":"https:\/\/voixeitalia.com\/it\/wp-json\/wp\/v2\/types\/page"}],"author":[{"embeddable":true,"href":"https:\/\/voixeitalia.com\/it\/wp-json\/wp\/v2\/users\/1"}],"replies":[{"embeddable":true,"href":"https:\/\/voixeitalia.com\/it\/wp-json\/wp\/v2\/comments?post=65"}],"version-history":[{"count":364,"href":"https:\/\/voixeitalia.com\/it\/wp-json\/wp\/v2\/pages\/65\/revisions"}],"predecessor-version":[{"id":1478,"href":"https:\/\/voixeitalia.com\/it\/wp-json\/wp\/v2\/pages\/65\/revisions\/1478"}],"wp:attachment":[{"href":"https:\/\/voixeitalia.com\/it\/wp-json\/wp\/v2\/media?parent=65"}],"curies":[{"name":"wp","href":"https:\/\/api.w.org\/{rel}","templated":true}]}}